{"id":1039,"date":"2019-05-01T20:18:21","date_gmt":"2019-05-01T18:18:21","guid":{"rendered":"http:\/\/www.transscript.at\/GA\/?page_id=1039"},"modified":"2024-04-19T14:35:57","modified_gmt":"2024-04-19T12:35:57","slug":"freunde-und-zusammenarbeit","status":"publish","type":"page","link":"https:\/\/www.transscript.at\/GA\/freunde-und-zusammenarbeit\/","title":{"rendered":"Freunde und Zusammenarbeit"},"content":{"rendered":"\n<figure class=\"wp-block-image\"><img decoding=\"async\" loading=\"lazy\" width=\"1024\" height=\"632\" src=\"http:\/\/www.transscript.at\/GA\/wp-content\/uploads\/2019\/05\/friendship-2366955_1920-1024x632.jpg\" alt=\"\" class=\"wp-image-1044\" srcset=\"https:\/\/www.transscript.at\/GA\/wp-content\/uploads\/2019\/05\/friendship-2366955_1920-1024x632.jpg 1024w, https:\/\/www.transscript.at\/GA\/wp-content\/uploads\/2019\/05\/friendship-2366955_1920-300x185.jpg 300w, https:\/\/www.transscript.at\/GA\/wp-content\/uploads\/2019\/05\/friendship-2366955_1920-768x474.jpg 768w, https:\/\/www.transscript.at\/GA\/wp-content\/uploads\/2019\/05\/friendship-2366955_1920.jpg 1920w\" sizes=\"(max-width: 1024px) 100vw, 1024px\" \/><\/figure>\n\n\n\n<p><a href=\"https:\/\/oesb-dachverband.at\" target=\"_blank\" rel=\"noreferrer noopener\" aria-label=\"\u00d6SB, \u00d6sterreichischer Schwerh\u00f6rigenbund Dachverband (\u00f6ffnet in neuem Tab)\">\u00d6SB, \u00d6sterreichischer Schwerh\u00f6rigenbund Dachverband<\/a> <\/p>\n\n\n\n<p><a href=\"http:\/\/www.besserhoeren.org\" target=\"_blank\" rel=\"noreferrer noopener\" aria-label=\" (\u00f6ffnet in neuem Tab)\">Forum besser H\u00d6REN &#8211; Schwerh\u00f6rigenzentrum K\u00e4rnten<\/a> <\/p>\n\n\n\n<p><a href=\"http:\/\/www.vonohrzuohr.or.at\" target=\"_blank\" rel=\"noreferrer noopener\" aria-label=\" (\u00f6ffnet in neuem Tab)\">Verein &#8222;von OHR zu OHR&#8220;, Ober\u00f6sterreich<\/a><\/p>\n\n\n\n<p><a href=\"https:\/\/www.hoerenswert.or.at\" target=\"_blank\" rel=\"noreferrer noopener\" aria-label=\"H\u00d6RENSWERT \u2013 Schwerh\u00f6rigenzentrum, Nieder\u00f6sterreich (\u00f6ffnet in neuem Tab)\">H\u00d6RENSWERT \u2013 Schwerh\u00f6rigenzentrum, Nieder\u00f6sterreich<\/a><\/p>\n\n\n\n<p><a href=\"https:\/\/www.vox.or.at\" target=\"_blank\" rel=\"noreferrer noopener\" aria-label=\" (\u00f6ffnet in neuem Tab)\">VOX Schwerh\u00f6rigenzentrum Wien<\/a><\/p>\n\n\n\n<p><a href=\"https:\/\/www.schwerhoerigen-service.at\" target=\"_blank\" rel=\"noreferrer noopener\" aria-label=\"TA Technische Assistenz \u2013 Beratungscenter f\u00fcr Schwerh\u00f6rige Wien (\u00f6ffnet in neuem Tab)\">TA Technische Assistenz \u2013 Beratungscenter f\u00fcr Schwerh\u00f6rige Wien<\/a><\/p>\n\n\n\n<p class=\"has-very-dark-gray-color has-luminous-vivid-amber-background-color has-text-color has-background\"><a href=\"mailto:auftragsmanagement@transscript.at\"><mark style=\"background-color:rgba(0, 0, 0, 0)\" class=\"has-inline-color has-white-color\"><span style=\"text-decoration: underline;\">Wollen Sie sich auch mit uns verlinken? Schreiben Sie uns! <\/span><\/mark><\/a><\/p>\n<!-- AddThis Advanced Settings generic via filter on the_content -->","protected":false},"excerpt":{"rendered":"<p>\u00d6SB, \u00d6sterreichischer Schwerh\u00f6rigenbund Dachverband Forum besser H\u00d6REN &#8211; Schwerh\u00f6rigenzentrum K\u00e4rnten Verein &#8222;von OHR zu OHR&#8220;, Ober\u00f6sterreich H\u00d6RENSWERT \u2013 Schwerh\u00f6rigenzentrum, Nieder\u00f6sterreich VOX Schwerh\u00f6rigenzentrum Wien TA Technische Assistenz \u2013 Beratungscenter f\u00fcr Schwerh\u00f6rige Wien Wollen Sie sich auch mit uns verlinken? Schreiben Sie uns!<!-- AddThis Advanced Settings generic via filter on get_the_excerpt --><\/p>\n","protected":false},"author":5,"featured_media":0,"parent":0,"menu_order":0,"comment_status":"closed","ping_status":"closed","template":"","meta":[],"_links":{"self":[{"href":"https:\/\/www.transscript.at\/GA\/wp-json\/wp\/v2\/pages\/1039"}],"collection":[{"href":"https:\/\/www.transscript.at\/GA\/wp-json\/wp\/v2\/pages"}],"about":[{"href":"https:\/\/www.transscript.at\/GA\/wp-json\/wp\/v2\/types\/page"}],"author":[{"embeddable":true,"href":"https:\/\/www.transscript.at\/GA\/wp-json\/wp\/v2\/users\/5"}],"replies":[{"embeddable":true,"href":"https:\/\/www.transscript.at\/GA\/wp-json\/wp\/v2\/comments?post=1039"}],"version-history":[{"count":10,"href":"https:\/\/www.transscript.at\/GA\/wp-json\/wp\/v2\/pages\/1039\/revisions"}],"predecessor-version":[{"id":1564,"href":"https:\/\/www.transscript.at\/GA\/wp-json\/wp\/v2\/pages\/1039\/revisions\/1564"}],"wp:attachment":[{"href":"https:\/\/www.transscript.at\/GA\/wp-json\/wp\/v2\/media?parent=1039"}],"curies":[{"name":"wp","href":"https:\/\/api.w.org\/{rel}","templated":true}]}}