{"id":118,"date":"2019-03-19T10:03:04","date_gmt":"2019-03-19T09:03:04","guid":{"rendered":"http:\/\/www.transscript.at\/GA\/?page_id=118"},"modified":"2023-07-08T14:25:04","modified_gmt":"2023-07-08T12:25:04","slug":"qualifikation","status":"publish","type":"page","link":"https:\/\/www.transscript.at\/GA\/ueber-uns\/qualifikation\/","title":{"rendered":"Qualifikation"},"content":{"rendered":"\n<h2 class=\"wp-block-heading\">Zertifiziert und regelm\u00e4\u00dfig rezertifiziert<\/h2>\n\n\n\n<h3 class=\"wp-block-heading\">Zertifizierung <\/h3>\n\n\n\n<p>Mit Abschluss der Grundausbildung sind \u00d6SB-trans.SCRIPT-zertifizierte Schriftdolmetscher\/-innen basism\u00e4\u00dfig bef\u00e4higt, um akustische Barrierefreiheit f\u00fcr Sie herzustellen.<\/p>\n\n\n\n<h3 class=\"wp-block-heading\">Rezertifizierung<\/h3>\n\n\n\n<p>Im Abstand von jeweils 1,5 Jahren wird eine Rezertifizierung zur Qualit\u00e4tssicherung absolviert. Nur wer zu dieser antritt und sie positiv abschlie\u00dft, bleibt \u00d6SB-trans.SCRIPT-zertifiziert.  <\/p>\n\n\n\n<figure class=\"wp-block-image\"><img decoding=\"async\" loading=\"lazy\" width=\"1024\" height=\"596\" src=\"http:\/\/www.transscript.at\/GA\/wp-content\/uploads\/2019\/03\/hands-2227857_1920-1024x596.jpg\" alt=\"\" class=\"wp-image-598\" srcset=\"https:\/\/www.transscript.at\/GA\/wp-content\/uploads\/2019\/03\/hands-2227857_1920-1024x596.jpg 1024w, https:\/\/www.transscript.at\/GA\/wp-content\/uploads\/2019\/03\/hands-2227857_1920-300x175.jpg 300w, https:\/\/www.transscript.at\/GA\/wp-content\/uploads\/2019\/03\/hands-2227857_1920-768x447.jpg 768w, https:\/\/www.transscript.at\/GA\/wp-content\/uploads\/2019\/03\/hands-2227857_1920.jpg 1920w\" sizes=\"(max-width: 1024px) 100vw, 1024px\" \/><\/figure>\n\n\n\n<p>Seit der letzten Rezertifizierung am 18.08.2018 stehen Ihnen Gudrun Amtmann und Peter Abel als \u201ezertifizierte \u00d6SB-trans.SCRIPT-Austria-Schriftdolmetscher\/-innen\u201c \u00a9 zur Ihrer Verf\u00fcgung, die Sie jederzeit gerne buchen k\u00f6nnen. Unsere neu zertifizierte \u00d6SB-trans.SCRIPT-Schriftdolmetscherin, Andrea Reif, ist seit J\u00e4nner 2023 f\u00fcr Schriftdolmetsch-User:innen t\u00e4tig.  <\/p>\n\n\n\n<h3 class=\"wp-block-heading\">Zertifikat<\/h3>\n\n\n\n<p>Zertifikat:&nbsp;trans.SCRIPT-Zertifikate weisen auf der Vorderseite den G\u00fcltigkeitszeitraum auf. Zertifikate ohne Datum auf der Vorderseite sind abgelaufen und daher ung\u00fcltig.<\/p>\n\n\n\n<p class=\"has-text-color has-background has-very-dark-gray-color has-luminous-vivid-amber-background-color\"><a href=\"mailto:auftragsmanagement@transscript.at\">Sie wollen mehr wissen? Schreiben Sie uns!<\/a><\/p>\n<!-- AddThis Advanced Settings generic via filter on the_content -->","protected":false},"excerpt":{"rendered":"<p>Zertifiziert und regelm\u00e4\u00dfig rezertifiziert Zertifizierung Mit Abschluss der Grundausbildung sind \u00d6SB-trans.SCRIPT-zertifizierte Schriftdolmetscher\/-innen basism\u00e4\u00dfig bef\u00e4higt, um akustische Barrierefreiheit f\u00fcr Sie herzustellen. Rezertifizierung Im Abstand von jeweils 1,5 Jahren wird eine Rezertifizierung zur Qualit\u00e4tssicherung absolviert. Nur wer zu dieser antritt und sie positiv abschlie\u00dft, bleibt \u00d6SB-trans.SCRIPT-zertifiziert. Seit der letzten Rezertifizierung am 18.08.2018 stehen Ihnen Gudrun Amtmann und &hellip;<!-- AddThis Advanced Settings generic via filter on get_the_excerpt --><\/p>\n","protected":false},"author":5,"featured_media":0,"parent":27,"menu_order":3,"comment_status":"closed","ping_status":"closed","template":"","meta":[],"_links":{"self":[{"href":"https:\/\/www.transscript.at\/GA\/wp-json\/wp\/v2\/pages\/118"}],"collection":[{"href":"https:\/\/www.transscript.at\/GA\/wp-json\/wp\/v2\/pages"}],"about":[{"href":"https:\/\/www.transscript.at\/GA\/wp-json\/wp\/v2\/types\/page"}],"author":[{"embeddable":true,"href":"https:\/\/www.transscript.at\/GA\/wp-json\/wp\/v2\/users\/5"}],"replies":[{"embeddable":true,"href":"https:\/\/www.transscript.at\/GA\/wp-json\/wp\/v2\/comments?post=118"}],"version-history":[{"count":16,"href":"https:\/\/www.transscript.at\/GA\/wp-json\/wp\/v2\/pages\/118\/revisions"}],"predecessor-version":[{"id":1451,"href":"https:\/\/www.transscript.at\/GA\/wp-json\/wp\/v2\/pages\/118\/revisions\/1451"}],"up":[{"embeddable":true,"href":"https:\/\/www.transscript.at\/GA\/wp-json\/wp\/v2\/pages\/27"}],"wp:attachment":[{"href":"https:\/\/www.transscript.at\/GA\/wp-json\/wp\/v2\/media?parent=118"}],"curies":[{"name":"wp","href":"https:\/\/api.w.org\/{rel}","templated":true}]}}