{"id":23,"date":"2019-03-18T21:10:15","date_gmt":"2019-03-18T20:10:15","guid":{"rendered":"http:\/\/www.transscript.at\/GA\/?page_id=23"},"modified":"2024-04-19T14:33:25","modified_gmt":"2024-04-19T12:33:25","slug":"trans-script-schriftdolmetschen","status":"publish","type":"page","link":"https:\/\/www.transscript.at\/GA\/datenschutzerklaerung\/trans-script-schriftdolmetschen\/","title":{"rendered":"Schriftdolmetschen"},"content":{"rendered":"\n<h2 class=\"wp-block-heading\">Ihr Ziel ist unser Ziel: akustische Barrierefreiheit auf h\u00f6chstem Niveau!<\/h2>\n\n\n\n<p>Beim Schriftdolmetschen wird die Lautsprache zeitgleich in die Schriftsprache \u00fcbertragen. <\/p>\n\n\n\n<p>Was Sie nicht h\u00f6ren, lesen Sie einfach am Bildschirm, der Leinwand oder einem Monitor mit einer kurzen beim Dolmetschen \u00fcblichen Zeitverz\u00f6gerung. Die Arbeitsgeschwindigkeit wird an Ihre Vorgaben bzw. an Ihre Anforderungen angepasst. <\/p>\n\n\n\n<figure class=\"wp-block-image\"><img decoding=\"async\" loading=\"lazy\" width=\"1024\" height=\"683\" src=\"http:\/\/www.transscript.at\/GA\/wp-content\/uploads\/2019\/03\/home-office-336373_1920-1024x683.jpg\" alt=\"Basisequipment Schriftdolmetscher\/-innen\" class=\"wp-image-140\" srcset=\"https:\/\/www.transscript.at\/GA\/wp-content\/uploads\/2019\/03\/home-office-336373_1920-1024x683.jpg 1024w, https:\/\/www.transscript.at\/GA\/wp-content\/uploads\/2019\/03\/home-office-336373_1920-300x200.jpg 300w, https:\/\/www.transscript.at\/GA\/wp-content\/uploads\/2019\/03\/home-office-336373_1920-768x512.jpg 768w, https:\/\/www.transscript.at\/GA\/wp-content\/uploads\/2019\/03\/home-office-336373_1920.jpg 1920w\" sizes=\"(max-width: 1024px) 100vw, 1024px\" \/><figcaption class=\"wp-element-caption\">Basisequipment Schriftdolmetscher\/-innen <\/figcaption><\/figure>\n\n\n\n<p>In Abh\u00e4ngigkeit vom Grad der H\u00f6rsch\u00e4digung, der Geschichte und der Ursache der H\u00f6reinschr\u00e4nkung und dem individuellen sozialen Status haben H\u00f6rbeeintr\u00e4chtigte (Schwerh\u00f6rige, Sp\u00e4tertaubte und Geh\u00f6rlose) sehr unterschiedliche Bed\u00fcrfnisse in der Kommunikation. Deshalb ben\u00f6tigen sie unterschiedliche Kommunikationshilfen, die je nach der gegebenen Situation zum Teil nebeneinander Verwendung finden.<br><\/p>\n\n\n\n<p class=\"has-very-dark-gray-color has-luminous-vivid-amber-background-color has-text-color has-background\"><a href=\"mailto:auftragsmanagement@transscript.at\"><mark style=\"background-color:rgba(0, 0, 0, 0)\" class=\"has-inline-color has-white-color\"><span style=\"text-decoration: underline;\">Klicken Sie hier f\u00fcr Ihre individuelle L\u00f6sung!<\/span><\/mark><\/a><br><\/p>\n<!-- AddThis Advanced Settings generic via filter on the_content -->","protected":false},"excerpt":{"rendered":"<p>Ihr Ziel ist unser Ziel: akustische Barrierefreiheit auf h\u00f6chstem Niveau! Beim Schriftdolmetschen wird die Lautsprache zeitgleich in die Schriftsprache \u00fcbertragen. Was Sie nicht h\u00f6ren, lesen Sie einfach am Bildschirm, der Leinwand oder einem Monitor mit einer kurzen beim Dolmetschen \u00fcblichen Zeitverz\u00f6gerung. Die Arbeitsgeschwindigkeit wird an Ihre Vorgaben bzw. an Ihre Anforderungen angepasst. In Abh\u00e4ngigkeit vom &hellip;<!-- AddThis Advanced Settings generic via filter on get_the_excerpt --><\/p>\n","protected":false},"author":5,"featured_media":0,"parent":3,"menu_order":0,"comment_status":"closed","ping_status":"closed","template":"","meta":[],"_links":{"self":[{"href":"https:\/\/www.transscript.at\/GA\/wp-json\/wp\/v2\/pages\/23"}],"collection":[{"href":"https:\/\/www.transscript.at\/GA\/wp-json\/wp\/v2\/pages"}],"about":[{"href":"https:\/\/www.transscript.at\/GA\/wp-json\/wp\/v2\/types\/page"}],"author":[{"embeddable":true,"href":"https:\/\/www.transscript.at\/GA\/wp-json\/wp\/v2\/users\/5"}],"replies":[{"embeddable":true,"href":"https:\/\/www.transscript.at\/GA\/wp-json\/wp\/v2\/comments?post=23"}],"version-history":[{"count":41,"href":"https:\/\/www.transscript.at\/GA\/wp-json\/wp\/v2\/pages\/23\/revisions"}],"predecessor-version":[{"id":1557,"href":"https:\/\/www.transscript.at\/GA\/wp-json\/wp\/v2\/pages\/23\/revisions\/1557"}],"up":[{"embeddable":true,"href":"https:\/\/www.transscript.at\/GA\/wp-json\/wp\/v2\/pages\/3"}],"wp:attachment":[{"href":"https:\/\/www.transscript.at\/GA\/wp-json\/wp\/v2\/media?parent=23"}],"curies":[{"name":"wp","href":"https:\/\/api.w.org\/{rel}","templated":true}]}}