{"id":239,"date":"2019-03-20T15:24:35","date_gmt":"2019-03-20T14:24:35","guid":{"rendered":"http:\/\/www.transscript.at\/GA\/?page_id=239"},"modified":"2024-07-13T13:20:09","modified_gmt":"2024-07-13T11:20:09","slug":"trans-script","status":"publish","type":"page","link":"https:\/\/www.transscript.at\/GA\/","title":{"rendered":"trans.SCRIPT"},"content":{"rendered":"\n<h2 class=\"wp-block-heading\">Die erste Adresse f\u00fcr Schriftdolmetschen in \u00d6sterreich! Eine Initiative des \u00d6SB. <\/h2>\n\n\n\n<figure class=\"wp-block-embed is-type-video is-provider-youtube wp-block-embed-youtube wp-embed-aspect-16-9 wp-has-aspect-ratio\"><div class=\"wp-block-embed__wrapper\">\n<iframe loading=\"lazy\" title=\"Schriftdolmetschservice &quot;trans.SCRIPT-Austria&quot;-Settingvarianten\" width=\"640\" height=\"360\" src=\"https:\/\/www.youtube.com\/embed\/NVsQ9LX4Q8Y?feature=oembed\" frameborder=\"0\" allow=\"accelerometer; autoplay; clipboard-write; encrypted-media; gyroscope; picture-in-picture; web-share\" referrerpolicy=\"strict-origin-when-cross-origin\" allowfullscreen><\/iframe>\n<\/div><figcaption class=\"wp-element-caption\">Video-Clip des \u00d6SB \u00fcber Settingvarianten von trans.SCRIPT-Schriftdolmetschen<\/figcaption><\/figure>\n\n\n\n<h3 class=\"wp-block-heading\">Wir sind jederzeit gerne online und pr\u00e4sent f\u00fcr Sie als Schriftdolmetscher:innen im Einsatz!<\/h3>\n\n\n\n<p class=\"has-very-dark-gray-color has-text-color\">Sch\u00f6n, dass Sie hier sind! <\/p>\n\n\n\n<p>Ihr Schriftdolmetschservice in \u00d6sterreich seit 2012! Wir arbeiten \u00fcberall dort, wo Sie uns brauchen. F\u00fcr Ihre akustische Barrierefreiheit.<br><\/p>\n\n\n\n<figure class=\"wp-block-image\"><img decoding=\"async\" loading=\"lazy\" width=\"1920\" height=\"985\" src=\"http:\/\/www.transscript.at\/GA\/wp-content\/uploads\/2019\/07\/keyboard-498396_1920-1.jpg\" alt=\"trans.SCRIPT Basisequipment\" class=\"wp-image-1279\" srcset=\"https:\/\/www.transscript.at\/GA\/wp-content\/uploads\/2019\/07\/keyboard-498396_1920-1.jpg 1920w, https:\/\/www.transscript.at\/GA\/wp-content\/uploads\/2019\/07\/keyboard-498396_1920-1-300x154.jpg 300w, https:\/\/www.transscript.at\/GA\/wp-content\/uploads\/2019\/07\/keyboard-498396_1920-1-768x394.jpg 768w, https:\/\/www.transscript.at\/GA\/wp-content\/uploads\/2019\/07\/keyboard-498396_1920-1-1024x525.jpg 1024w, https:\/\/www.transscript.at\/GA\/wp-content\/uploads\/2019\/07\/keyboard-498396_1920-1-800x410.jpg 800w\" sizes=\"(max-width: 1920px) 100vw, 1920px\" \/><figcaption class=\"wp-element-caption\">trans.SCRIPT Basisequipment<\/figcaption><\/figure>\n\n\n\n<p>Wir laden Sie ein, sich zum Thema Schriftdolmetschen auf unserer Website zu informieren. Wenn Sie wie wir den direkten Kontakt sch\u00e4tzen, rufen Sie uns einfach an oder schreiben Sie uns!<\/p>\n\n\n\n<p><a href=\"mailto:auftragsmanagement@transscript.at\"><mark style=\"background-color:rgba(0, 0, 0, 0)\" class=\"has-inline-color has-vivid-cyan-blue-color\">E-Mail an trans.SCRIPT<\/mark><\/a><\/p>\n\n\n\n<p>Mobil\/WhatsApp\/SMS: +43 676 330 18 95<\/p>\n<!-- AddThis Advanced Settings generic via filter on the_content -->","protected":false},"excerpt":{"rendered":"<p>Die erste Adresse f\u00fcr Schriftdolmetschen in \u00d6sterreich! Eine Initiative des \u00d6SB. Wir sind jederzeit gerne online und pr\u00e4sent f\u00fcr Sie als Schriftdolmetscher:innen im Einsatz! Sch\u00f6n, dass Sie hier sind! Ihr Schriftdolmetschservice in \u00d6sterreich seit 2012! Wir arbeiten \u00fcberall dort, wo Sie uns brauchen. F\u00fcr Ihre akustische Barrierefreiheit. Wir laden Sie ein, sich zum Thema Schriftdolmetschen &hellip;<!-- AddThis Advanced Settings generic via filter on get_the_excerpt --><\/p>\n","protected":false},"author":5,"featured_media":0,"parent":0,"menu_order":0,"comment_status":"closed","ping_status":"closed","template":"","meta":[],"_links":{"self":[{"href":"https:\/\/www.transscript.at\/GA\/wp-json\/wp\/v2\/pages\/239"}],"collection":[{"href":"https:\/\/www.transscript.at\/GA\/wp-json\/wp\/v2\/pages"}],"about":[{"href":"https:\/\/www.transscript.at\/GA\/wp-json\/wp\/v2\/types\/page"}],"author":[{"embeddable":true,"href":"https:\/\/www.transscript.at\/GA\/wp-json\/wp\/v2\/users\/5"}],"replies":[{"embeddable":true,"href":"https:\/\/www.transscript.at\/GA\/wp-json\/wp\/v2\/comments?post=239"}],"version-history":[{"count":60,"href":"https:\/\/www.transscript.at\/GA\/wp-json\/wp\/v2\/pages\/239\/revisions"}],"predecessor-version":[{"id":1602,"href":"https:\/\/www.transscript.at\/GA\/wp-json\/wp\/v2\/pages\/239\/revisions\/1602"}],"wp:attachment":[{"href":"https:\/\/www.transscript.at\/GA\/wp-json\/wp\/v2\/media?parent=239"}],"curies":[{"name":"wp","href":"https:\/\/api.w.org\/{rel}","templated":true}]}}