{"id":27,"date":"2019-03-18T21:25:46","date_gmt":"2019-03-18T20:25:46","guid":{"rendered":"http:\/\/www.transscript.at\/GA\/?page_id=27"},"modified":"2024-04-19T14:41:07","modified_gmt":"2024-04-19T12:41:07","slug":"ueber-uns","status":"publish","type":"page","link":"https:\/\/www.transscript.at\/GA\/ueber-uns\/","title":{"rendered":"\u00dcber uns"},"content":{"rendered":"\n<h2 class=\"wp-block-heading\">trans.SCRIPT: Garant f\u00fcr Qualit\u00e4t und st\u00e4ndige Weiterentwicklung<\/h2>\n\n\n\n<p>Wir sind seit 2012 die Anlaufstelle f\u00fcr Menschen mit H\u00f6rbeeintr\u00e4chtigung, die Schriftdolmetscher\/-innen zus\u00e4tzlich zu H\u00f6rhilfen ben\u00f6tigen, um barrierefrei an der Kommunikation teilnehmen zu k\u00f6nnen.<\/p>\n\n\n\n<p>Wir schriftdolmetschen professionell f\u00fcr unsere Kundinnen und Kunden in f\u00fcnf verschiedenen Sprachen.<\/p>\n\n\n\n<p>Wir sind jene Institution, durch die der <a rel=\"noreferrer noopener\" href=\"https:\/\/www.oesb-dachverband.at\" target=\"_blank\">\u00d6SB<\/a>&nbsp;(\u00d6sterreichischer Schwerh\u00f6rigenbund Dachverband) Schriftdolmetschen in \u00d6sterreich&nbsp;eingef\u00fchrt und etabliert hat (2009\u20132011).<\/p>\n\n\n\n<p>Wir sind die&nbsp;Aus- und Weiterbildungsinstitution&nbsp;von Schriftdolmetscherinnen und Schriftdolmetschern mit dem Anspruch auf h\u00f6chste Qualit\u00e4t vom ersten Tag an.<\/p>\n\n\n\n<p>Gemeinsam mit dem \u00d6SB sind wir zust\u00e4ndig f\u00fcr die Abnahme der Rezertifizierung, die alle 1,5 Jahre stattfindet. Die Qualit\u00e4t wird dadurch dauerhaft gesichert und auch gesteigert.<\/p>\n\n\n\n<p>Als zentraler Angelpunkt der zertifizierten Schriftdolmetscher\/-innen bieten wir eine Plattform zum Austausch, zur Festlegung von Normen, Vorgaben, einheitlichen Regelungen u.v.m.<\/p>\n\n\n\n<p>Wir legen gr\u00f6\u00dften Wert auf Qualit\u00e4t, Kundenorientierung und Professionalit\u00e4t.<\/p>\n\n\n\n<p>trans.SCRIPT ist eine Initiative des \u00d6SB.&nbsp;<\/p>\n\n\n\n<p>Wir freuen uns darauf, Sie in barrierefreier Kommunikation zu unterst\u00fctzen!&nbsp;<\/p>\n\n\n\n<p class=\"has-very-dark-gray-color has-luminous-vivid-amber-background-color has-text-color has-background\"><a href=\"mailto:auftragsmanagement@transscript.at\"><mark style=\"background-color:rgba(0, 0, 0, 0)\" class=\"has-inline-color has-white-color\"><span style=\"text-decoration: underline;\">Kontaktieren\u00a0Sie uns!<\/span><\/mark><\/a><\/p>\n<!-- AddThis Advanced Settings generic via filter on the_content -->","protected":false},"excerpt":{"rendered":"<p>trans.SCRIPT: Garant f\u00fcr Qualit\u00e4t und st\u00e4ndige Weiterentwicklung Wir sind seit 2012 die Anlaufstelle f\u00fcr Menschen mit H\u00f6rbeeintr\u00e4chtigung, die Schriftdolmetscher\/-innen zus\u00e4tzlich zu H\u00f6rhilfen ben\u00f6tigen, um barrierefrei an der Kommunikation teilnehmen zu k\u00f6nnen. Wir schriftdolmetschen professionell f\u00fcr unsere Kundinnen und Kunden in f\u00fcnf verschiedenen Sprachen. Wir sind jene Institution, durch die der \u00d6SB&nbsp;(\u00d6sterreichischer Schwerh\u00f6rigenbund Dachverband) Schriftdolmetschen in &hellip;<!-- AddThis Advanced Settings generic via filter on get_the_excerpt --><\/p>\n","protected":false},"author":5,"featured_media":0,"parent":0,"menu_order":1,"comment_status":"closed","ping_status":"closed","template":"","meta":[],"_links":{"self":[{"href":"https:\/\/www.transscript.at\/GA\/wp-json\/wp\/v2\/pages\/27"}],"collection":[{"href":"https:\/\/www.transscript.at\/GA\/wp-json\/wp\/v2\/pages"}],"about":[{"href":"https:\/\/www.transscript.at\/GA\/wp-json\/wp\/v2\/types\/page"}],"author":[{"embeddable":true,"href":"https:\/\/www.transscript.at\/GA\/wp-json\/wp\/v2\/users\/5"}],"replies":[{"embeddable":true,"href":"https:\/\/www.transscript.at\/GA\/wp-json\/wp\/v2\/comments?post=27"}],"version-history":[{"count":20,"href":"https:\/\/www.transscript.at\/GA\/wp-json\/wp\/v2\/pages\/27\/revisions"}],"predecessor-version":[{"id":1578,"href":"https:\/\/www.transscript.at\/GA\/wp-json\/wp\/v2\/pages\/27\/revisions\/1578"}],"wp:attachment":[{"href":"https:\/\/www.transscript.at\/GA\/wp-json\/wp\/v2\/media?parent=27"}],"curies":[{"name":"wp","href":"https:\/\/api.w.org\/{rel}","templated":true}]}}