{"id":353,"date":"2019-03-23T10:02:27","date_gmt":"2019-03-23T09:02:27","guid":{"rendered":"http:\/\/www.transscript.at\/GA\/?page_id=353"},"modified":"2024-04-19T14:38:44","modified_gmt":"2024-04-19T12:38:44","slug":"protokoll","status":"publish","type":"page","link":"https:\/\/www.transscript.at\/GA\/protokoll\/","title":{"rendered":"Protokolle"},"content":{"rendered":"\n<h2 class=\"wp-block-heading\">Mitschrift. Protokoll. Was ist der Unterschied?<\/h2>\n\n\n\n<p>Die Mitschrift ist kein Protokoll und wird daher und aus Datenschutzgr\u00fcnden nach Ende jedes Auftrags gel\u00f6scht, au\u00dfer es ist ein Protokoll gebucht. <\/p>\n\n\n\n<figure class=\"wp-block-image\"><img decoding=\"async\" loading=\"lazy\" width=\"1024\" height=\"683\" src=\"http:\/\/www.transscript.at\/GA\/wp-content\/uploads\/2019\/03\/laptop-3196481_1920-1024x683.jpg\" alt=\"\" class=\"wp-image-362\" srcset=\"https:\/\/www.transscript.at\/GA\/wp-content\/uploads\/2019\/03\/laptop-3196481_1920-1024x683.jpg 1024w, https:\/\/www.transscript.at\/GA\/wp-content\/uploads\/2019\/03\/laptop-3196481_1920-300x200.jpg 300w, https:\/\/www.transscript.at\/GA\/wp-content\/uploads\/2019\/03\/laptop-3196481_1920-768x512.jpg 768w, https:\/\/www.transscript.at\/GA\/wp-content\/uploads\/2019\/03\/laptop-3196481_1920.jpg 1920w\" sizes=\"(max-width: 1024px) 100vw, 1024px\" \/><\/figure>\n\n\n\n<h2 class=\"wp-block-heading\" id=\"mce_31\">Protokoll<\/h2>\n\n\n\n<p>Buchen Sie das Wortprotokoll bitte gemeinsam mit der Beauftragung f\u00fcr das Setting. Gerne besprechen wir alle daf\u00fcr notwendigen formellen&nbsp;Schritte mit Ihnen.<\/p>\n\n\n\n<p>Wir bitten um Verst\u00e4ndnis, dass ausschlie\u00dflich fertiggestellte Dokumente und niemals Rohmitschriften ausgeh\u00e4ndigt werden.<\/p>\n\n\n\n<h2 class=\"wp-block-heading\">Protokoll &#8222;Bildung&#8220;<\/h2>\n\n\n\n<p>Ausnahmeregelung f\u00fcr Universit\u00e4ten und Schulen! Beim <em>Protokoll &#8222;Bildung&#8220;<\/em> handelt es sich um die leicht \u00fcberarbeitete Mitschrift. Lernerfolge sollen durch das \u00dcberlassen dieser Art der Protokolle sichergestellt werden. <\/p>\n\n\n\n<p class=\"has-very-dark-gray-color has-luminous-vivid-amber-background-color has-text-color has-background\"><a href=\"mailto:auftragsmanagement@transscript.at\"><mark style=\"background-color:rgba(0, 0, 0, 0)\" class=\"has-inline-color has-white-color\"><span style=\"text-decoration: underline;\">Kontaktieren Sie uns f\u00fcr weitere Infos!<\/span><\/mark><\/a><\/p>\n<!-- AddThis Advanced Settings generic via filter on the_content -->","protected":false},"excerpt":{"rendered":"<p>Mitschrift. Protokoll. Was ist der Unterschied? Die Mitschrift ist kein Protokoll und wird daher und aus Datenschutzgr\u00fcnden nach Ende jedes Auftrags gel\u00f6scht, au\u00dfer es ist ein Protokoll gebucht. Protokoll Buchen Sie das Wortprotokoll bitte gemeinsam mit der Beauftragung f\u00fcr das Setting. Gerne besprechen wir alle daf\u00fcr notwendigen formellen&nbsp;Schritte mit Ihnen. Wir bitten um Verst\u00e4ndnis, dass &hellip;<!-- AddThis Advanced Settings generic via filter on get_the_excerpt --><\/p>\n","protected":false},"author":5,"featured_media":0,"parent":0,"menu_order":0,"comment_status":"closed","ping_status":"closed","template":"","meta":[],"_links":{"self":[{"href":"https:\/\/www.transscript.at\/GA\/wp-json\/wp\/v2\/pages\/353"}],"collection":[{"href":"https:\/\/www.transscript.at\/GA\/wp-json\/wp\/v2\/pages"}],"about":[{"href":"https:\/\/www.transscript.at\/GA\/wp-json\/wp\/v2\/types\/page"}],"author":[{"embeddable":true,"href":"https:\/\/www.transscript.at\/GA\/wp-json\/wp\/v2\/users\/5"}],"replies":[{"embeddable":true,"href":"https:\/\/www.transscript.at\/GA\/wp-json\/wp\/v2\/comments?post=353"}],"version-history":[{"count":16,"href":"https:\/\/www.transscript.at\/GA\/wp-json\/wp\/v2\/pages\/353\/revisions"}],"predecessor-version":[{"id":1571,"href":"https:\/\/www.transscript.at\/GA\/wp-json\/wp\/v2\/pages\/353\/revisions\/1571"}],"wp:attachment":[{"href":"https:\/\/www.transscript.at\/GA\/wp-json\/wp\/v2\/media?parent=353"}],"curies":[{"name":"wp","href":"https:\/\/api.w.org\/{rel}","templated":true}]}}