{"id":376,"date":"2019-03-27T12:56:01","date_gmt":"2019-03-27T11:56:01","guid":{"rendered":"http:\/\/www.transscript.at\/GA\/?page_id=376"},"modified":"2024-04-19T14:30:43","modified_gmt":"2024-04-19T12:30:43","slug":"ausbildung","status":"publish","type":"page","link":"https:\/\/www.transscript.at\/GA\/ausbildung\/","title":{"rendered":"Ausbildung"},"content":{"rendered":"\n<p>Seit 2011 bildet der \u00d6SB\/trans.SCRIPT Schriftdolmetscher\/-innen mit h\u00f6chstem Anspruch auf Qualit\u00e4t aus.  <\/p>\n\n\n\n<p>Die Ausbildung startet&nbsp;mit einem Aufnahmeverfahren und dauert  je nach Lehrgang bis zu 12 Monate. Die Kosten f\u00fcr jeden Kurs berechnen sich nach den aktuellen Anforderungen. Zus\u00e4tzlich zu den Basiskosten fallen weitere Kosten f\u00fcr das ben\u00f6tigte Equipment an. <\/p>\n\n\n\n<figure class=\"wp-block-image\"><img decoding=\"async\" loading=\"lazy\" width=\"1024\" height=\"683\" src=\"http:\/\/www.transscript.at\/GA\/wp-content\/uploads\/2019\/03\/school-1223872_1920-1024x683.jpg\" alt=\"\" class=\"wp-image-594\" srcset=\"https:\/\/www.transscript.at\/GA\/wp-content\/uploads\/2019\/03\/school-1223872_1920-1024x683.jpg 1024w, https:\/\/www.transscript.at\/GA\/wp-content\/uploads\/2019\/03\/school-1223872_1920-300x200.jpg 300w, https:\/\/www.transscript.at\/GA\/wp-content\/uploads\/2019\/03\/school-1223872_1920-768x512.jpg 768w, https:\/\/www.transscript.at\/GA\/wp-content\/uploads\/2019\/03\/school-1223872_1920.jpg 1920w\" sizes=\"(max-width: 1024px) 100vw, 1024px\" \/><\/figure>\n\n\n\n<p>Die Kursmodule werden in daf\u00fcr geeigneten R\u00e4umen abgehalten. Praktika sind ein wesentlicher Bestandteil des Lehrgangs. <\/p>\n\n\n\n<p>Die Ausbildung endet mit einer Pr\u00fcfung, daf\u00fcr sind die Kriterien vom \u00d6SB in einer Verordnung vorgegeben. Bei positivem Abschluss wird ein Zertifikat verliehen, dieses ist f\u00fcr einen Zeitraum von  1,5 Jahren g\u00fcltig. <\/p>\n\n\n\n<p>Die <strong>Rezertifizierung<\/strong> findet alle eineinhalb Jahre statt und dient der  Qualit\u00e4tssicherung. Nur wer antritt und den Anforderungen gerecht wird, erh\u00e4lt eine Verl\u00e4ngerung des Zertifikats.  <\/p>\n\n\n\n<p>Der Titel&nbsp;f\u00fcr zertifizierte und in Folge regelm\u00e4\u00dfig rezertifizierte Personen lautet: \u201eZertifizierte\/-r \u00d6SB-trans.SCRIPT-Schriftdolmetscher\/-in&#8220;. <\/p>\n\n\n\n<p><strong>Nur Zertifikate mit Datum auf der Vorderseite sind g\u00fcltig. <\/strong><\/p>\n\n\n\n<h2 class=\"wp-block-heading\">N\u00e4chster Lehrgang<\/h2>\n\n\n\n<p>Der f\u00fcnfte trans.SCRIPT-Kurs ist f\u00fcr 2020 geplant. Wieder steht die aktuelle Entwicklung der Disziplin im Vordergrund. Gr\u00f6\u00dften Wert legen wir darauf, dass die Teilnehmenden mit Abschluss des Kurses hochwertige Qualit\u00e4t in ihrem neuen Beruf leisten k\u00f6nnen. <\/p>\n\n\n\n<p>Derzeit arbeiten wir an zus\u00e4tzlichen Angeboten in den Kursmodulen. Es werden weitere Anpassungen vorgenommen, die sich kurz gesagt auf die Arbeit im Alltag auswirken sollen. Dadurch werden Teilnehmende noch besser an ihren k\u00fcnftigen Beruf herangef\u00fchrt. <\/p>\n\n\n\n<p class=\"has-very-dark-gray-color has-luminous-vivid-amber-background-color has-text-color has-background\"><a href=\"mailto:auftragsmanagement@transscript.at\"><mark style=\"background-color:rgba(0, 0, 0, 0)\" class=\"has-inline-color has-white-color\"><span style=\"text-decoration: underline;\">Interessiert? Senden Sie uns eine E-Mail!<\/span><\/mark><\/a><br><\/p>\n<!-- AddThis Advanced Settings generic via filter on the_content -->","protected":false},"excerpt":{"rendered":"<p>Seit 2011 bildet der \u00d6SB\/trans.SCRIPT Schriftdolmetscher\/-innen mit h\u00f6chstem Anspruch auf Qualit\u00e4t aus. Die Ausbildung startet&nbsp;mit einem Aufnahmeverfahren und dauert je nach Lehrgang bis zu 12 Monate. Die Kosten f\u00fcr jeden Kurs berechnen sich nach den aktuellen Anforderungen. Zus\u00e4tzlich zu den Basiskosten fallen weitere Kosten f\u00fcr das ben\u00f6tigte Equipment an. Die Kursmodule werden in daf\u00fcr geeigneten &hellip;<!-- AddThis Advanced Settings generic via filter on get_the_excerpt --><\/p>\n","protected":false},"author":5,"featured_media":0,"parent":0,"menu_order":0,"comment_status":"closed","ping_status":"closed","template":"","meta":[],"_links":{"self":[{"href":"https:\/\/www.transscript.at\/GA\/wp-json\/wp\/v2\/pages\/376"}],"collection":[{"href":"https:\/\/www.transscript.at\/GA\/wp-json\/wp\/v2\/pages"}],"about":[{"href":"https:\/\/www.transscript.at\/GA\/wp-json\/wp\/v2\/types\/page"}],"author":[{"embeddable":true,"href":"https:\/\/www.transscript.at\/GA\/wp-json\/wp\/v2\/users\/5"}],"replies":[{"embeddable":true,"href":"https:\/\/www.transscript.at\/GA\/wp-json\/wp\/v2\/comments?post=376"}],"version-history":[{"count":52,"href":"https:\/\/www.transscript.at\/GA\/wp-json\/wp\/v2\/pages\/376\/revisions"}],"predecessor-version":[{"id":1552,"href":"https:\/\/www.transscript.at\/GA\/wp-json\/wp\/v2\/pages\/376\/revisions\/1552"}],"wp:attachment":[{"href":"https:\/\/www.transscript.at\/GA\/wp-json\/wp\/v2\/media?parent=376"}],"curies":[{"name":"wp","href":"https:\/\/api.w.org\/{rel}","templated":true}]}}