{"id":449,"date":"2019-03-28T11:48:49","date_gmt":"2019-03-28T10:48:49","guid":{"rendered":"http:\/\/www.transscript.at\/GA\/?page_id=449"},"modified":"2024-04-19T14:41:48","modified_gmt":"2024-04-19T12:41:48","slug":"voraussetzungen","status":"publish","type":"page","link":"https:\/\/www.transscript.at\/GA\/voraussetzungen\/","title":{"rendered":"Voraussetzungen"},"content":{"rendered":"\n<h2 class=\"wp-block-heading\">Teilnahme an trans.SCRIPT-Lehrg\u00e4ngen<\/h2>\n\n\n\n<p>Der Abschluss einer h\u00f6her bildenden Schule mit Reifepr\u00fcfung wird als Voraussetzung angesehen. Das Mindestalter betr\u00e4gt 18 Jahre. Bereits gesammelte Lebens- und Berufserfahrung ist von Vorteil.<\/p>\n\n\n\n<p>Eine Potenzialanalyse nach der&nbsp;Assessment-Center-Methode geht jedem Ausbildungsstart voraus.<\/p>\n\n\n\n<figure class=\"wp-block-image\"><img decoding=\"async\" loading=\"lazy\" width=\"1024\" height=\"683\" src=\"http:\/\/www.transscript.at\/GA\/wp-content\/uploads\/2019\/03\/student-849828_1920-1024x683.jpg\" alt=\"\" class=\"wp-image-590\" srcset=\"https:\/\/www.transscript.at\/GA\/wp-content\/uploads\/2019\/03\/student-849828_1920-1024x683.jpg 1024w, https:\/\/www.transscript.at\/GA\/wp-content\/uploads\/2019\/03\/student-849828_1920-300x200.jpg 300w, https:\/\/www.transscript.at\/GA\/wp-content\/uploads\/2019\/03\/student-849828_1920-768x512.jpg 768w, https:\/\/www.transscript.at\/GA\/wp-content\/uploads\/2019\/03\/student-849828_1920.jpg 1920w\" sizes=\"(max-width: 1024px) 100vw, 1024px\" \/><\/figure>\n\n\n\n<h2 class=\"wp-block-heading\">Soft Skills<\/h2>\n\n\n\n<ul>\n<li>Kommunikative und soziale Kompetenz<\/li>\n\n\n\n<li>Flexibilit\u00e4t<\/li>\n\n\n\n<li>Selbstbewusstsein<\/li>\n\n\n\n<li>Anpassungsf\u00e4higkeit<\/li>\n\n\n\n<li>tadellose Umgangsformen<\/li>\n\n\n\n<li>Einf\u00fchlungsverm\u00f6gen<\/li>\n\n\n\n<li>korrektes Auftreten<\/li>\n\n\n\n<li>Teamf\u00e4higkeit<\/li>\n\n\n\n<li>hohe Konzentrationsf\u00e4higkeit auch in Stresssituationen<\/li>\n\n\n\n<li>gutes auditives Ged\u00e4chtnis<\/li>\n\n\n\n<li>hohe Sprachkompetenz <\/li>\n\n\n\n<li>perfekte Rechtschreib- und Grammatikkenntnisse<\/li>\n\n\n\n<li>Fremdsprachenkenntnisse von Vorteil<\/li>\n\n\n\n<li>versiert im Umgang mit PC\/Laptop\/Textverarbeitung\/Internet<\/li>\n\n\n\n<li>technisches Verst\u00e4ndnis&nbsp;<\/li>\n<\/ul>\n\n\n\n<h2 class=\"wp-block-heading\">Equipment<\/h2>\n\n\n\n<p>Als Basisausstattung ben\u00f6tigen Sie bereits zu&nbsp;Beginn des Lehrganges einen geeigneten Laptop. Zus\u00e4tzlich ben\u00f6tigen Sie weitere Hard- und Software wie beispielsweise eine externe Tastatur oder ein Stativ. <\/p>\n\n\n\n<p class=\"has-very-dark-gray-color has-luminous-vivid-amber-background-color has-text-color has-background\"><a href=\"mailto:auftragsmanagement@transscript.at\"><mark style=\"background-color:rgba(0, 0, 0, 0)\" class=\"has-inline-color has-white-color\"><span style=\"text-decoration: underline;\">Interessiert? Schreiben Sie uns!<\/span><\/mark><\/a><\/p>\n\n\n\n<p><br><\/p>\n<!-- AddThis Advanced Settings generic via filter on the_content -->","protected":false},"excerpt":{"rendered":"<p>Teilnahme an trans.SCRIPT-Lehrg\u00e4ngen Der Abschluss einer h\u00f6her bildenden Schule mit Reifepr\u00fcfung wird als Voraussetzung angesehen. Das Mindestalter betr\u00e4gt 18 Jahre. Bereits gesammelte Lebens- und Berufserfahrung ist von Vorteil. Eine Potenzialanalyse nach der&nbsp;Assessment-Center-Methode geht jedem Ausbildungsstart voraus. Soft Skills Equipment Als Basisausstattung ben\u00f6tigen Sie bereits zu&nbsp;Beginn des Lehrganges einen geeigneten Laptop. Zus\u00e4tzlich ben\u00f6tigen Sie weitere Hard- &hellip;<!-- AddThis Advanced Settings generic via filter on get_the_excerpt --><\/p>\n","protected":false},"author":5,"featured_media":0,"parent":0,"menu_order":0,"comment_status":"closed","ping_status":"closed","template":"","meta":[],"_links":{"self":[{"href":"https:\/\/www.transscript.at\/GA\/wp-json\/wp\/v2\/pages\/449"}],"collection":[{"href":"https:\/\/www.transscript.at\/GA\/wp-json\/wp\/v2\/pages"}],"about":[{"href":"https:\/\/www.transscript.at\/GA\/wp-json\/wp\/v2\/types\/page"}],"author":[{"embeddable":true,"href":"https:\/\/www.transscript.at\/GA\/wp-json\/wp\/v2\/users\/5"}],"replies":[{"embeddable":true,"href":"https:\/\/www.transscript.at\/GA\/wp-json\/wp\/v2\/comments?post=449"}],"version-history":[{"count":7,"href":"https:\/\/www.transscript.at\/GA\/wp-json\/wp\/v2\/pages\/449\/revisions"}],"predecessor-version":[{"id":1579,"href":"https:\/\/www.transscript.at\/GA\/wp-json\/wp\/v2\/pages\/449\/revisions\/1579"}],"wp:attachment":[{"href":"https:\/\/www.transscript.at\/GA\/wp-json\/wp\/v2\/media?parent=449"}],"curies":[{"name":"wp","href":"https:\/\/api.w.org\/{rel}","templated":true}]}}