{"id":641,"date":"2019-03-30T09:56:47","date_gmt":"2019-03-30T08:56:47","guid":{"rendered":"http:\/\/www.transscript.at\/GA\/?page_id=641"},"modified":"2019-06-16T21:43:09","modified_gmt":"2019-06-16T19:43:09","slug":"datenschutzerklaerung-2","status":"publish","type":"page","link":"https:\/\/www.transscript.at\/GA\/datenschutzerklaerung-2\/","title":{"rendered":"Datenschutzerkl\u00e4rung"},"content":{"rendered":"\n<h3 class=\"wp-block-heading\" id=\"heading_Erklaerung_zur_Informationspflicht_2\">Erkl\u00e4rung zur Informationspflicht<\/h3>\n\n\n\n<p>Der Schutz Ihrer pers\u00f6nlichen Daten ist uns ein besonderes Anliegen. Wir verarbeiten Ihre Daten daher ausschlie\u00dflich auf Grundlage der gesetzlichen Bestimmungen (DSGVO, TKG 2003). In diesen Datenschutzinformationen informieren wir Sie \u00fcber die wichtigsten Aspekte der Datenverarbeitung im Rahmen unserer Website.&nbsp;<\/p>\n\n\n\n<h2 class=\"wp-block-heading\" id=\"heading_Kontakt_mit_uns\">Kontakt mit uns<\/h2>\n\n\n\n<p>Wenn Sie per Formular auf der Website oder per E-Mail Kontakt mit uns aufnehmen, werden Ihre angegebenen Daten zwecks Bearbeitung der Anfrage und f\u00fcr den Fall von Anschlussfragen sechs Monate bei uns gespeichert. Diese Daten geben wir nicht ohne Ihre Einwilligung weiter.&nbsp;<\/p>\n\n\n\n<h2 class=\"wp-block-heading\" id=\"heading_Datenspeicherung\">Datenspeicherung<\/h2>\n\n\n\n<p>Dar\u00fcber hinaus werden zum Zweck der Vertragsabwicklung folgende Daten auch bei uns gespeichert:&nbsp;<em>Name, Adresse, Telefonnummer, E-Mail-Adresse, auftragsbezogene Daten (Ort, Datum, Veranstaltungstitel, Einsatzzeiten, Kontaktpersonen)<\/em>. Die von Ihnen bereit gestellten Daten sind zur Vertragserf\u00fcllung bzw zur Durchf\u00fchrung vorvertraglicher Ma\u00dfnahmen erforderlich. Ohne diese Daten k\u00f6nnen wir den Vertrag mit Ihnen nicht abschlie\u00dfen. Eine Daten\u00fcbermittlung an Dritte erfolgt nicht, mit Ausnahme der \u00dcbermittlung der Kreditkartendaten an die abwickelnden Bankinstitute \/ Zahlungsdienstleister zum Zwecke der Abbuchung des Einkaufspreises, an das von uns beauftragte Transportunternehmen\/Versandunternehmen zur Zustellung der Ware sowie an unseren Steuerberater zur Erf\u00fcllung unserer steuerrechtlichen Verpflichtungen.<br><\/p>\n\n\n\n<p>Bei Stornierung einer Buchung werden die bei uns gespeicherten Daten gel\u00f6scht. Im Falle eines Vertragsabschlusses werden s\u00e4mtliche Daten aus dem Vertragsverh\u00e4ltnis bis zum Ablauf der steuerrechtlichen Aufbewahrungsfrist (sieben Jahre) gespeichert.&nbsp;&nbsp;<br><\/p>\n\n\n\n<p>Die erstellte Leistung wird nach vollst\u00e4ndiger Bezahlung endg\u00fcltig gel\u00f6scht. Die Datenverarbeitung erfolgt auf Basis der gesetzlichen Bestimmungen des \u00a7 96 Abs 3 TKG sowie des Art 6 Abs 1 lit a (Einwilligung) und\/oder lit b (notwendig zur Vertragserf\u00fcllung) der DSGVO.&nbsp;&nbsp;<\/p>\n\n\n\n<h2 class=\"wp-block-heading\" id=\"heading_Cookies\">Cookies<\/h2>\n\n\n\n<p>Unsere Website verwendet so genannte Cookies. Dabei handelt es sich um kleine Textdateien, die mit Hilfe des Browsers auf Ihrem Endger\u00e4t abgelegt werden. Sie richten keinen Schaden an.&nbsp;<\/p>\n\n\n\n<p>Wir nutzen Cookies dazu, unser Angebot nutzerfreundlich zu gestalten. Einige Cookies bleiben auf Ihrem Endger\u00e4t gespeichert, bis Sie diese l\u00f6schen. Sie erm\u00f6glichen es uns, Ihren Browser beim n\u00e4chsten Besuch wiederzuerkennen.<\/p>\n\n\n\n<p>Wenn Sie dies nicht w\u00fcnschen, so k\u00f6nnen Sie Ihren Browser so einrichten, dass er Sie \u00fcber das Setzen von Cookies informiert und Sie dies nur im Einzelfall erlauben.&nbsp;<\/p>\n\n\n\n<p>Bei der Deaktivierung von Cookies kann die Funktionalit\u00e4t unserer Website eingeschr\u00e4nkt sein.<\/p>\n\n\n\n<h2 class=\"wp-block-heading\" id=\"heading_Web_Analyse\">Web-Analyse<\/h2>\n\n\n\n<p>Unsere Website verwendet Funktionen des Webanalysedienstes Google Inc. (\u201eGoogle\u201c). Google Analytics<em>.&nbsp;<\/em>Dazu werden Cookies verwendet, die eine Analyse der Benutzung der Website durch Ihre Benutzer erm\u00f6glicht. Die dadurch erzeugten Informationen werden auf den Server des Anbieters \u00fcbertragen und dort gespeichert.&nbsp;<\/p>\n\n\n\n<p>Sie k\u00f6nnen dies verhindern, indem Sie Ihren Browser so einrichten, dass keine Cookies gespeichert werden.&nbsp;<\/p>\n\n\n\n<p>Die Datenverarbeitung erfolgt auf Basis der gesetzlichen Bestimmungen des \u00a7 96 Abs 3 TKG sowie des Art 6 Abs 1 lit a (Einwilligung) und\/oder f (berechtigtes Interesse) der DSGVO.&nbsp;<\/p>\n\n\n\n<h2 class=\"wp-block-heading\" id=\"heading_Ihre_Rechte\">Ihre Rechte<\/h2>\n\n\n\n<p>Ihnen stehen bez\u00fcglich Ihrer bei uns gespeicherten Daten&nbsp;grunds\u00e4tzlich die Rechte auf Auskunft, Berichtigung, L\u00f6schung, Einschr\u00e4nkung, Daten\u00fcbertragbarkeit, Widerruf und Widerspruch zu. Wenn Sie glauben, dass die Verarbeitung Ihrer Daten gegen das Datenschutzrecht verst\u00f6\u00dft oder Ihre datenschutzrechtlichen Anspr\u00fcche sonst in einer Weise verletzt worden sind, k\u00f6nnen Sie sich bei der&nbsp;uns auftragsmanagement@transscript.at&nbsp;oder der Datenschutzbeh\u00f6rde beschweren.<\/p>\n\n\n\n<h2 class=\"wp-block-heading\" id=\"heading_Sie_erreichen_uns_unter_folgenden_Kontaktdaten_\">Sie erreichen uns unter folgenden Kontaktdaten<\/h2>\n\n\n\n<p>trans.SCRIPT Austria<br>E-Mail: <a href=\"mailto:auftragsmanagement@transscript.at\">auftragsmanagement@transscript.at<\/a><br>Mobil: +43 676 330 18 95<\/p>\n\n\n\n<h2 class=\"wp-block-heading\">Quelle <\/h2>\n\n\n\n<p>Erstellt mithilfe der Vorgaben der <a href=\"https:\/\/www.wko.at\/service\/wirtschaftsrecht-gewerberecht\/muster-informationspflichten-website-datenschutzerklaerung.html\" target=\"_blank\" rel=\"noreferrer noopener\" aria-label=\" (\u00f6ffnet in neuem Tab)\">WKO<\/a><\/p>\n<!-- AddThis Advanced Settings generic via filter on the_content -->","protected":false},"excerpt":{"rendered":"<p>Erkl\u00e4rung zur Informationspflicht Der Schutz Ihrer pers\u00f6nlichen Daten ist uns ein besonderes Anliegen. Wir verarbeiten Ihre Daten daher ausschlie\u00dflich auf Grundlage der gesetzlichen Bestimmungen (DSGVO, TKG 2003). In diesen Datenschutzinformationen informieren wir Sie \u00fcber die wichtigsten Aspekte der Datenverarbeitung im Rahmen unserer Website.&nbsp; Kontakt mit uns Wenn Sie per Formular auf der Website oder per &hellip;<!-- AddThis Advanced Settings generic via filter on get_the_excerpt --><\/p>\n","protected":false},"author":5,"featured_media":0,"parent":0,"menu_order":0,"comment_status":"closed","ping_status":"closed","template":"","meta":[],"_links":{"self":[{"href":"https:\/\/www.transscript.at\/GA\/wp-json\/wp\/v2\/pages\/641"}],"collection":[{"href":"https:\/\/www.transscript.at\/GA\/wp-json\/wp\/v2\/pages"}],"about":[{"href":"https:\/\/www.transscript.at\/GA\/wp-json\/wp\/v2\/types\/page"}],"author":[{"embeddable":true,"href":"https:\/\/www.transscript.at\/GA\/wp-json\/wp\/v2\/users\/5"}],"replies":[{"embeddable":true,"href":"https:\/\/www.transscript.at\/GA\/wp-json\/wp\/v2\/comments?post=641"}],"version-history":[{"count":4,"href":"https:\/\/www.transscript.at\/GA\/wp-json\/wp\/v2\/pages\/641\/revisions"}],"predecessor-version":[{"id":1273,"href":"https:\/\/www.transscript.at\/GA\/wp-json\/wp\/v2\/pages\/641\/revisions\/1273"}],"wp:attachment":[{"href":"https:\/\/www.transscript.at\/GA\/wp-json\/wp\/v2\/media?parent=641"}],"curies":[{"name":"wp","href":"https:\/\/api.w.org\/{rel}","templated":true}]}}