{"id":673,"date":"2019-03-30T10:47:32","date_gmt":"2019-03-30T09:47:32","guid":{"rendered":"http:\/\/www.transscript.at\/GA\/?page_id=673"},"modified":"2026-04-10T17:47:29","modified_gmt":"2026-04-10T15:47:29","slug":"team-galerie","status":"publish","type":"page","link":"https:\/\/www.transscript.at\/GA\/team-galerie\/","title":{"rendered":"Team"},"content":{"rendered":"\n<h2 class=\"wp-block-heading\">H\u00f6chste Qualit\u00e4t und enge Zusammenarbeit<\/h2>\n\n\n\n<p>\u00d6SB-trans.SCRIPT Austria hat in den letzten zehn Jahren ca. 30 Schriftdolmetscher:innen ausgebildet. Schriftdolmetscher:innen, die sich der regelm\u00e4\u00dfigen Rezertifizierung zwecks Qualit\u00e4tssicherung unterziehen und diese bestehen, stehen Ihnen gerne zur Verf\u00fcgung.<\/p>\n\n\n\n<p>Das Kernteam ist gerne f\u00fcr Sie da!<\/p>\n\n\n\n<p>Au\u00dferdem: Unser Team hat sich vergr\u00f6\u00dfert! Wir haben <strong>8 Kooperationspartner:innen<\/strong>, mit denen wir sehr gerne zusammenarbeiten, wenn wir Termine selbst nicht \u00fcbernehmen k\u00f6nnen! All diese Schriftdolmetscher:innen weisen h\u00f6chste Qualit\u00e4t auf \u2013\u00a0so, wie es unseren Qualit\u00e4tsrichtlinien entspricht!  <\/p>\n\n\n\n<ul>\n<li>Deutsch und Englisch<\/li>\n\n\n\n<li>Franz\u00f6sisch auf Anfrage<\/li>\n\n\n\n<li>Weitere Sprachen ebenfalls auf Anfrage<\/li>\n\n\n\n<li>Zwei Methoden: Konventionell mit Tastatur und Spracherkennung<\/li>\n\n\n\n<li>Zertifiziert und regelm\u00e4\u00dfig <strong>rezertifiziert<\/strong><\/li>\n\n\n\n<li>8 zus\u00e4tzliche Kooperationspartner:innen <\/li>\n<\/ul>\n\n\n\n<p>trans.SCRIPT Austria arbeitet \u00f6sterreichweit und international sowohl online als auch pr\u00e4sent. Beste geographische Erreichbarkeit f\u00fcr Pr\u00e4senz-Eins\u00e4tze und damit g\u00fcnstige An-\/Abreisekosten: Wien\/Wien Umgebung und K\u00e4rnten. <\/p>\n\n\n\n<p>Unsere Schriftdolmetscher:innen haben in folgenden Regionen ihren Firmensitz:<\/p>\n\n\n\n<ul>\n<li>Gudrun Amtmann: Wien<\/li>\n\n\n\n<li>Peter Abel: Wien <\/li>\n\n\n\n<li>Andrea Reif: K\u00e4rnten <\/li>\n<\/ul>\n\n\n\n<figure class=\"wp-block-gallery has-nested-images columns-3 is-cropped wp-block-gallery-1 is-layout-flex\">\n<figure class=\"wp-block-image\"><img decoding=\"async\" loading=\"lazy\" width=\"316\" height=\"437\" data-id=\"101\"  src=\"http:\/\/www.transscript.at\/GA\/wp-content\/uploads\/2019\/03\/Bildschirmfoto-2019-03-19-um-01.15.47.png\" alt=\"Gudrun Amtmann\" class=\"wp-image-101\" srcset=\"https:\/\/www.transscript.at\/GA\/wp-content\/uploads\/2019\/03\/Bildschirmfoto-2019-03-19-um-01.15.47.png 316w, https:\/\/www.transscript.at\/GA\/wp-content\/uploads\/2019\/03\/Bildschirmfoto-2019-03-19-um-01.15.47-217x300.png 217w\" sizes=\"(max-width: 316px) 100vw, 316px\" \/><figcaption class=\"wp-element-caption\">Gudrun Amtmann<\/figcaption><\/figure>\n\n\n\n<figure class=\"wp-block-image\"><img decoding=\"async\" loading=\"lazy\" width=\"277\" height=\"394\" data-id=\"781\"  src=\"http:\/\/www.transscript.at\/GA\/wp-content\/uploads\/2019\/04\/Bildschirmfoto-2019-04-02-um-13.30.27.png\" alt=\"Peter Abel\" class=\"wp-image-781\" srcset=\"https:\/\/www.transscript.at\/GA\/wp-content\/uploads\/2019\/04\/Bildschirmfoto-2019-04-02-um-13.30.27.png 277w, https:\/\/www.transscript.at\/GA\/wp-content\/uploads\/2019\/04\/Bildschirmfoto-2019-04-02-um-13.30.27-211x300.png 211w\" sizes=\"(max-width: 277px) 100vw, 277px\" \/><figcaption class=\"wp-element-caption\">Peter Abel<\/figcaption><\/figure>\n\n\n\n<figure class=\"wp-block-image\"><img decoding=\"async\" loading=\"lazy\" width=\"858\" height=\"1024\" data-id=\"1430\"  src=\"http:\/\/www.transscript.at\/GA\/wp-content\/uploads\/2023\/04\/IMG_20230201_2099-1-858x1024.jpg\" alt=\"Andrea Reif\" class=\"wp-image-1430\" srcset=\"https:\/\/www.transscript.at\/GA\/wp-content\/uploads\/2023\/04\/IMG_20230201_2099-1-858x1024.jpg 858w, https:\/\/www.transscript.at\/GA\/wp-content\/uploads\/2023\/04\/IMG_20230201_2099-1-251x300.jpg 251w, https:\/\/www.transscript.at\/GA\/wp-content\/uploads\/2023\/04\/IMG_20230201_2099-1-768x916.jpg 768w, https:\/\/www.transscript.at\/GA\/wp-content\/uploads\/2023\/04\/IMG_20230201_2099-1-800x954.jpg 800w, https:\/\/www.transscript.at\/GA\/wp-content\/uploads\/2023\/04\/IMG_20230201_2099-1.jpg 1927w\" sizes=\"(max-width: 858px) 100vw, 858px\" \/><figcaption class=\"wp-element-caption\">Andrea Reif<\/figcaption><\/figure>\n<\/figure>\n\n\n\n<p class=\"has-very-dark-gray-color has-luminous-vivid-amber-background-color has-text-color has-background\"><a href=\"mailto:auftragsmanagement@transscript.at\"><mark style=\"background-color:rgba(0, 0, 0, 0)\" class=\"has-inline-color has-white-color\"><span style=\"text-decoration: underline;\">Kontaktieren Sie uns \u2013&nbsp;hier klicken!<\/span><\/mark><\/a><\/p>\n\n\n\n<figure class=\"wp-block-gallery has-nested-images columns-default is-cropped wp-block-gallery-3 is-layout-flex\"><\/figure>\n<!-- AddThis Advanced Settings generic via filter on the_content -->","protected":false},"excerpt":{"rendered":"<p>H\u00f6chste Qualit\u00e4t und enge Zusammenarbeit \u00d6SB-trans.SCRIPT Austria hat in den letzten zehn Jahren ca. 30 Schriftdolmetscher:innen ausgebildet. Schriftdolmetscher:innen, die sich der regelm\u00e4\u00dfigen Rezertifizierung zwecks Qualit\u00e4tssicherung unterziehen und diese bestehen, stehen Ihnen gerne zur Verf\u00fcgung. Das Kernteam ist gerne f\u00fcr Sie da! Au\u00dferdem: Unser Team hat sich vergr\u00f6\u00dfert! Wir haben 8 Kooperationspartner:innen, mit denen wir sehr &hellip;<!-- AddThis Advanced Settings generic via filter on get_the_excerpt --><\/p>\n","protected":false},"author":5,"featured_media":0,"parent":0,"menu_order":0,"comment_status":"closed","ping_status":"closed","template":"","meta":[],"_links":{"self":[{"href":"https:\/\/www.transscript.at\/GA\/wp-json\/wp\/v2\/pages\/673"}],"collection":[{"href":"https:\/\/www.transscript.at\/GA\/wp-json\/wp\/v2\/pages"}],"about":[{"href":"https:\/\/www.transscript.at\/GA\/wp-json\/wp\/v2\/types\/page"}],"author":[{"embeddable":true,"href":"https:\/\/www.transscript.at\/GA\/wp-json\/wp\/v2\/users\/5"}],"replies":[{"embeddable":true,"href":"https:\/\/www.transscript.at\/GA\/wp-json\/wp\/v2\/comments?post=673"}],"version-history":[{"count":60,"href":"https:\/\/www.transscript.at\/GA\/wp-json\/wp\/v2\/pages\/673\/revisions"}],"predecessor-version":[{"id":1612,"href":"https:\/\/www.transscript.at\/GA\/wp-json\/wp\/v2\/pages\/673\/revisions\/1612"}],"wp:attachment":[{"href":"https:\/\/www.transscript.at\/GA\/wp-json\/wp\/v2\/media?parent=673"}],"curies":[{"name":"wp","href":"https:\/\/api.w.org\/{rel}","templated":true}]}}